{"id":1175,"date":"2018-09-08T11:29:46","date_gmt":"2018-09-08T09:29:46","guid":{"rendered":"http:\/\/csrgniezno.pl\/?page_id=1175"},"modified":"2024-09-06T09:51:48","modified_gmt":"2024-09-06T07:51:48","slug":"plan-zajec-lekcyjnych-w-roku-szkolnym-2018-2019","status":"publish","type":"page","link":"https:\/\/csrgniezno.pl\/?page_id=1175","title":{"rendered":"Plan zaj\u0119\u0107 lekcyjnych"},"content":{"rendered":"\n<p>PLAN ZAJ\u0118\u0106 LEKCYJNYCH &#8211; <a href=\"https:\/\/csrgniezno.edupage.org\/timetable\/\">znajduje si\u0119 w odno\u015bniku<\/a><\/p>\n\n\n\n<p><span style=\"text-decoration: underline;\">INSTRUKCJA U\u017bYTKOWANIA<\/span><br>&#8211; okre\u015blon\u0105 klas\u0119 wybieramy klikaj\u0105c w zak\u0142adk\u0119 <strong>ODDZIA\u0141Y (KLASY)<\/strong> &#8211; <span style=\"text-decoration: underline;\">z lewej strony<\/span>, a nast\u0119pnie zaznaczaj\u0105c w\u0142a\u015bciw\u0105 klas\u0119 na wy\u015bwietlonej li\u015bcie;<br>&#8211; w\u0142a\u015bciwe tygodnie nauki wybieramy klikaj\u0105c w strza\u0142ki <strong>&lt;&lt;  DZISIAJ<\/strong>  <strong>&gt;&gt; <\/strong><span style=\"text-decoration: underline;\">z prawej strony<\/span> <\/p>\n\n\n\n<p><\/p>\n","protected":false},"excerpt":{"rendered":"<p>PLAN ZAJ\u0118\u0106 LEKCYJNYCH &#8211; znajduje si\u0119 w odno\u015bniku INSTRUKCJA U\u017bYTKOWANIA&#8211; okre\u015blon\u0105 klas\u0119 wybieramy klikaj\u0105c w zak\u0142adk\u0119 ODDZIA\u0141Y (KLASY) &#8211; z lewej strony, a nast\u0119pnie zaznaczaj\u0105c w\u0142a\u015bciw\u0105 klas\u0119 na wy\u015bwietlonej li\u015bcie;&#8211; w\u0142a\u015bciwe tygodnie nauki wybieramy klikaj\u0105c w strza\u0142ki &lt;&lt; DZISIAJ &gt;&gt; z prawej strony<\/p>\n","protected":false},"author":1,"featured_media":0,"parent":0,"menu_order":0,"comment_status":"closed","ping_status":"closed","template":"","meta":{"footnotes":""},"class_list":["post-1175","page","type-page","status-publish","hentry"],"_links":{"self":[{"href":"https:\/\/csrgniezno.pl\/index.php?rest_route=\/wp\/v2\/pages\/1175","targetHints":{"allow":["GET"]}}],"collection":[{"href":"https:\/\/csrgniezno.pl\/index.php?rest_route=\/wp\/v2\/pages"}],"about":[{"href":"https:\/\/csrgniezno.pl\/index.php?rest_route=\/wp\/v2\/types\/page"}],"author":[{"embeddable":true,"href":"https:\/\/csrgniezno.pl\/index.php?rest_route=\/wp\/v2\/users\/1"}],"replies":[{"embeddable":true,"href":"https:\/\/csrgniezno.pl\/index.php?rest_route=%2Fwp%2Fv2%2Fcomments&post=1175"}],"version-history":[{"count":68,"href":"https:\/\/csrgniezno.pl\/index.php?rest_route=\/wp\/v2\/pages\/1175\/revisions"}],"predecessor-version":[{"id":5974,"href":"https:\/\/csrgniezno.pl\/index.php?rest_route=\/wp\/v2\/pages\/1175\/revisions\/5974"}],"wp:attachment":[{"href":"https:\/\/csrgniezno.pl\/index.php?rest_route=%2Fwp%2Fv2%2Fmedia&parent=1175"}],"curies":[{"name":"wp","href":"https:\/\/api.w.org\/{rel}","templated":true}]}}