{"id":1185,"date":"2018-09-08T11:31:04","date_gmt":"2018-09-08T09:31:04","guid":{"rendered":"http:\/\/csrgniezno.pl\/?page_id=1185"},"modified":"2021-09-09T14:35:08","modified_gmt":"2021-09-09T12:35:08","slug":"wykaz-skrotow-zajec-lekcyjnych","status":"publish","type":"page","link":"https:\/\/csrgniezno.pl\/?page_id=1185","title":{"rendered":"Wykaz skr\u00f3t\u00f3w zaj\u0119\u0107 lekcyjnych"},"content":{"rendered":"\n\n\n<figure class=\"wp-block-gallery columns-1 is-cropped wp-block-gallery-1 is-layout-flex wp-block-gallery-is-layout-flex\"><ul class=\"blocks-gallery-grid\"><li class=\"blocks-gallery-item\"><figure><img decoding=\"async\" width=\"724\" height=\"1024\" data-src=\"https:\/\/csrgniezno.pl\/wp-content\/uploads\/2021\/09\/Skroty-nazw-przedmiotow-1-724x1024.jpg\" alt=\"\" data-id=\"2843\" data-full-url=\"https:\/\/csrgniezno.pl\/wp-content\/uploads\/2021\/09\/Skroty-nazw-przedmiotow-1.jpg\" data-link=\"https:\/\/csrgniezno.pl\/?attachment_id=2843\" class=\"wp-image-2843 lazyload\" data-srcset=\"https:\/\/csrgniezno.pl\/wp-content\/uploads\/2021\/09\/Skroty-nazw-przedmiotow-1-724x1024.jpg 724w, https:\/\/csrgniezno.pl\/wp-content\/uploads\/2021\/09\/Skroty-nazw-przedmiotow-1-212x300.jpg 212w, https:\/\/csrgniezno.pl\/wp-content\/uploads\/2021\/09\/Skroty-nazw-przedmiotow-1-768x1086.jpg 768w, https:\/\/csrgniezno.pl\/wp-content\/uploads\/2021\/09\/Skroty-nazw-przedmiotow-1-1086x1536.jpg 1086w, https:\/\/csrgniezno.pl\/wp-content\/uploads\/2021\/09\/Skroty-nazw-przedmiotow-1-1448x2048.jpg 1448w, https:\/\/csrgniezno.pl\/wp-content\/uploads\/2021\/09\/Skroty-nazw-przedmiotow-1.jpg 1654w\" data-sizes=\"(max-width: 724px) 100vw, 724px\" src=\"data:image\/gif;base64,R0lGODlhAQABAAAAACH5BAEKAAEALAAAAAABAAEAAAICTAEAOw==\" style=\"--smush-placeholder-width: 724px; --smush-placeholder-aspect-ratio: 724\/1024;\" \/><\/figure><\/li><\/ul><\/figure>\n","protected":false},"excerpt":{"rendered":"","protected":false},"author":1,"featured_media":0,"parent":0,"menu_order":0,"comment_status":"closed","ping_status":"closed","template":"","meta":{"footnotes":""},"class_list":["post-1185","page","type-page","status-publish","hentry"],"_links":{"self":[{"href":"https:\/\/csrgniezno.pl\/index.php?rest_route=\/wp\/v2\/pages\/1185","targetHints":{"allow":["GET"]}}],"collection":[{"href":"https:\/\/csrgniezno.pl\/index.php?rest_route=\/wp\/v2\/pages"}],"about":[{"href":"https:\/\/csrgniezno.pl\/index.php?rest_route=\/wp\/v2\/types\/page"}],"author":[{"embeddable":true,"href":"https:\/\/csrgniezno.pl\/index.php?rest_route=\/wp\/v2\/users\/1"}],"replies":[{"embeddable":true,"href":"https:\/\/csrgniezno.pl\/index.php?rest_route=%2Fwp%2Fv2%2Fcomments&post=1185"}],"version-history":[{"count":5,"href":"https:\/\/csrgniezno.pl\/index.php?rest_route=\/wp\/v2\/pages\/1185\/revisions"}],"predecessor-version":[{"id":2844,"href":"https:\/\/csrgniezno.pl\/index.php?rest_route=\/wp\/v2\/pages\/1185\/revisions\/2844"}],"wp:attachment":[{"href":"https:\/\/csrgniezno.pl\/index.php?rest_route=%2Fwp%2Fv2%2Fmedia&parent=1185"}],"curies":[{"name":"wp","href":"https:\/\/api.w.org\/{rel}","templated":true}]}}