{"id":12,"date":"2017-02-20T20:35:45","date_gmt":"2017-02-20T20:35:45","guid":{"rendered":"http:\/\/csrgniezno.pl\/?page_id=12"},"modified":"2022-03-18T14:09:52","modified_gmt":"2022-03-18T13:09:52","slug":"testowa-pierwsza","status":"publish","type":"page","link":"https:\/\/csrgniezno.pl\/?page_id=12","title":{"rendered":"Poznaj CSR Gniezno"},"content":{"rendered":"\n<figure class=\"wp-block-image size-large\"><img decoding=\"async\" width=\"800\" height=\"761\" data-src=\"https:\/\/csrgniezno.pl\/wp-content\/uploads\/2021\/04\/graf-4.jpg\" alt=\"\" class=\"wp-image-2561 lazyload\" data-srcset=\"https:\/\/csrgniezno.pl\/wp-content\/uploads\/2021\/04\/graf-4.jpg 800w, https:\/\/csrgniezno.pl\/wp-content\/uploads\/2021\/04\/graf-4-300x285.jpg 300w, https:\/\/csrgniezno.pl\/wp-content\/uploads\/2021\/04\/graf-4-768x731.jpg 768w\" data-sizes=\"(max-width: 800px) 100vw, 800px\" src=\"data:image\/gif;base64,R0lGODlhAQABAAAAACH5BAEKAAEALAAAAAABAAEAAAICTAEAOw==\" style=\"--smush-placeholder-width: 800px; --smush-placeholder-aspect-ratio: 800\/761;\" \/><\/figure>\n\n\n<p><\/p>\n<p><!--more--><\/p>\n<p style=\"text-align: justify;\"><strong>Cechowa Szko\u0142a Rzemie\u015blnicza w Gnie\u017anie<\/strong> jest szko\u0142\u0105 niepubliczn\u0105, kt\u00f3ra posiada uprawnienia szko\u0142y publicznej.<br>Zosta\u0142o to potwierdzone odpowiednimi <strong>decyzjami i za\u015bwiadczeniami wystawionymi przez Starostwo Powiatowe<\/strong> <strong>w Gnie\u017anie<\/strong>. W ramach dzia\u0142alno\u015bci edukacyjnej, realizujemy programy nauczania okre\u015blone przez Ministerstwo Edukacji Narodowej.<br>Okres nauczania w Cechowej Szkole Rzemie\u015blniczej w Gnie\u017anie <strong>trwa 3 lata we wszystkich zawodach<\/strong>. Uko\u0144czenie szko\u0142y oraz pozytywne zdanie egzaminu zawodowego, <strong>umo\u017cliwia uzyskanie \u015bwiadectwa czeladniczego lub dyplomu potwierdzaj\u0105cego kwalifikacje w zawodzie<\/strong>.<br>Szko\u0142a, opieraj\u0105c si\u0119 na bogatej tradycji rzemie\u015blniczej, wspartej d\u0105\u017ceniem do innowacyjno\u015bci w rzemio\u015ble, <strong>zapewnia nauk\u0119 zawodu opart\u0105 o wiedz\u0119 i do\u015bwiadczenie mistrz\u00f3w szkol\u0105cych oraz profesjonalnie przygotowan\u0105 kadr\u0119 pedagogiczn\u0105<\/strong>. Wsp\u00f3\u0142dzia\u0142aj\u0105c na wielu polach z rodzicami i mistrzami szkol\u0105cymi, d\u0105\u017cymy do tego, aby skutecznie kszta\u0142ci\u0107 pokolenia przysz\u0142ych fachowc\u00f3w, kt\u00f3rzy kultywuj\u0105c najlepsze tradycje polskiego rzemios\u0142a, b\u0119d\u0105 podnosili swoje kwalifikacje, a tak\u017ce pracowali w oparciu o najnowsze osi\u0105gni\u0119cia techniki i technologii.<br>Oferta zawodowa plac\u00f3wki, dzi\u0119ki stworzeniu warunk\u00f3w do pozyskiwania nowych kwalifikacji zawodowych, <strong>zwi\u0119ksza szanse m\u0142odych ludzi na rynku pracy<\/strong>. <strong>Dzia\u0142alno\u015b\u0107 Cechowej Szko\u0142y Rzemie\u015blniczej opiera si\u0119 na naprzemiennym systemie nauki i praktyk<\/strong> &#8211; tj. tydzie\u0144 praktyk i tydzie\u0144 zaj\u0119\u0107 szkolnych, kt\u00f3ry umo\u017cliwia jak najbardziej efektywne wykorzystanie czasu zar\u00f3wno w szkole, jak i na praktykach.<br>W ramach dzia\u0142alno\u015bci o\u015bwiatowej szko\u0142y, <strong>organizowane s\u0105 wycieczki<\/strong>, w tym r\u00f3wnie\u017c tematyczne &#8211; zawodowe, w trakcie kt\u00f3rych uczniowie zapoznaj\u0105 si\u0119 z najnowszymi osi\u0105gni\u0119ciami techniki oraz technologiami stasowanymi przez przemys\u0142 i rzemios\u0142o (np. targi fryzjerskie BeautyVISION, BUDMA, DREMA), jak r\u00f3wnie\u017c odwiedzaj\u0105 zak\u0142ady pracy (np. Sklejka Orzechowo).<br>Lekcje odbywaj\u0105 si\u0119 <strong>w budynku Cechu Rzemios\u0142a<\/strong>, zlokalizowanym przy ul. Tumskiej 15 oraz <strong>w kompleksie Instytutu Kultury Europejskiej UAM (Collegium Europejskiego)<\/strong>, gdzie poza nowoczesnymi salami wyk\u0142adowymi oraz wspania\u0142\u0105 aul\u0105, znajduje si\u0119 hala widowiskowo-sportowa, w kt\u00f3rej odbywaj\u0105 si\u0119 zaj\u0119cia wychowania fizycznego.<\/p>\n<p style=\"text-align: justify;\"><span style=\"color: #008000;\"><em><span style=\"font-family: georgia, palatino, serif;\">Jako uczniowie Cechowej Szko\u0142y Rzemie\u015blniczej, jeste\u015bmy cz\u0119\u015bci\u0105 Rodziny Cechowej i dlatego te\u017c bierzemy udzia\u0142 w \u015bwi\u0119tach obchodzonych przez Rzemie\u015blnik\u00f3w oraz r\u00f3\u017cnych spotkaniach integracyjnych.<\/span><\/em><\/span><br><span style=\"color: #008000;\"><em> <span style=\"font-family: georgia, palatino, serif;\">Mamy bardzo sympatycznych Nauczycieli i wyrozumia\u0142\u0105 Dyrekcj\u0119. W szkole panuje przyjazna atmosfera.<\/span><\/em><\/span><br><span style=\"color: #008000;\"><em> <span style=\"font-family: georgia, palatino, serif;\">Je\u017celi jeste\u015b gotowy na wyzwania, chcesz si\u0119 uczy\u0107 i pracowa\u0107 do\u0142\u0105cz do nas. <\/span><\/em><\/span><br><span style=\"color: #008000;\"><em> <span style=\"font-family: georgia, palatino, serif;\"> Wybieraj\u0105c CSR, nie b\u0119dziesz \u017ca\u0142owa\u0142 swojej decyzji.<\/span><\/em><\/span><\/p>\n<p style=\"text-align: justify;\"><span style=\"color: #008000;\"><strong><em><span style=\"font-family: georgia, palatino, serif;\">Jakub Bartz<\/span><\/em><\/strong><\/span><br><span style=\"color: #008000;\"><strong><em> <span style=\"font-family: georgia, palatino, serif;\">Absolwent Cechowej Szko\u0142y Rzemie\u015blniczej w Gnie\u017anie<\/span><\/em><\/strong><\/span><\/p>","protected":false},"excerpt":{"rendered":"","protected":false},"author":1,"featured_media":3433,"parent":0,"menu_order":0,"comment_status":"closed","ping_status":"closed","template":"","meta":{"footnotes":""},"class_list":["post-12","page","type-page","status-publish","has-post-thumbnail","hentry"],"_links":{"self":[{"href":"https:\/\/csrgniezno.pl\/index.php?rest_route=\/wp\/v2\/pages\/12","targetHints":{"allow":["GET"]}}],"collection":[{"href":"https:\/\/csrgniezno.pl\/index.php?rest_route=\/wp\/v2\/pages"}],"about":[{"href":"https:\/\/csrgniezno.pl\/index.php?rest_route=\/wp\/v2\/types\/page"}],"author":[{"embeddable":true,"href":"https:\/\/csrgniezno.pl\/index.php?rest_route=\/wp\/v2\/users\/1"}],"replies":[{"embeddable":true,"href":"https:\/\/csrgniezno.pl\/index.php?rest_route=%2Fwp%2Fv2%2Fcomments&post=12"}],"version-history":[{"count":26,"href":"https:\/\/csrgniezno.pl\/index.php?rest_route=\/wp\/v2\/pages\/12\/revisions"}],"predecessor-version":[{"id":2566,"href":"https:\/\/csrgniezno.pl\/index.php?rest_route=\/wp\/v2\/pages\/12\/revisions\/2566"}],"wp:featuredmedia":[{"embeddable":true,"href":"https:\/\/csrgniezno.pl\/index.php?rest_route=\/wp\/v2\/media\/3433"}],"wp:attachment":[{"href":"https:\/\/csrgniezno.pl\/index.php?rest_route=%2Fwp%2Fv2%2Fmedia&parent=12"}],"curies":[{"name":"wp","href":"https:\/\/api.w.org\/{rel}","templated":true}]}}