{"id":138,"date":"2017-02-27T19:01:18","date_gmt":"2017-02-27T19:01:18","guid":{"rendered":"http:\/\/csrgniezno.pl\/?page_id=138"},"modified":"2025-09-18T11:29:28","modified_gmt":"2025-09-18T09:29:28","slug":"dokumenty","status":"publish","type":"page","link":"https:\/\/csrgniezno.pl\/?page_id=138","title":{"rendered":"Wzory dokument\u00f3w"},"content":{"rendered":"<p>Wzory dokument\u00f3w do pobrania:<\/p>\n<ol>\n<li><a href=\"https:\/\/csrgniezno.pl\/wp-content\/uploads\/2024\/09\/z2_wf_zw.pdf\">WF &#8211; zwolnienie<\/a><\/li>\n<li><a href=\"https:\/\/csrgniezno.pl\/wp-content\/uploads\/2025\/09\/religia-rodzic-2.pdf\">Religia &#8211; o\u015bwiadczenie woli<\/a><\/li>\n<li><a href=\"https:\/\/csrgniezno.pl\/wp-content\/uploads\/2025\/09\/Rezygnacja_rodzic2_.pdf\">Edukacja zdrowotna &#8211; o\u015bwiadczenie rodzic<\/a><\/li>\n<li><a href=\"https:\/\/csrgniezno.pl\/wp-content\/uploads\/2025\/09\/Rezygnacja_uczen2-1.pdf\">Edukacja zdrowotna &#8211; o\u015bwiadczenie ucze\u0144 pe\u0142noletni<\/a><\/li>\n<li><a href=\"http:\/\/csrgniezno.pl\/wp-content\/uploads\/2017\/04\/z5_zwolnienie.pdf\">Zwolnienie<\/a><\/li>\n<li><a href=\"https:\/\/csrgniezno.pl\/wp-content\/uploads\/2024\/09\/z6_zw_ost-1.pdf\">Zwolnienie cykliczne z zaj\u0119\u0107<\/a><\/li>\n<li><a href=\"https:\/\/csrgniezno.pl\/wp-content\/uploads\/2025\/09\/religia_zmiana-woli-1.pdf\">Zmiana dotychczasowego o\u015bwiadczenia uczestnictwa w zaj\u0119ciach z religii<\/a><\/li>\n<li><a href=\"https:\/\/csrgniezno.pl\/wp-content\/uploads\/2023\/05\/Pismo_od_pracodawcow.pdf\">Zwolnienie przez pracodawc\u0119 na zaj\u0119cia praktyczne<\/a><\/li>\n<\/ol>\n\n\n<p><\/p>\n","protected":false},"excerpt":{"rendered":"<p>Wzory dokument\u00f3w do pobrania: WF &#8211; zwolnienie Religia &#8211; o\u015bwiadczenie woli Edukacja zdrowotna &#8211; o\u015bwiadczenie rodzic Edukacja zdrowotna &#8211; o\u015bwiadczenie ucze\u0144 pe\u0142noletni Zwolnienie Zwolnienie cykliczne z zaj\u0119\u0107 Zmiana dotychczasowego o\u015bwiadczenia uczestnictwa w zaj\u0119ciach z religii Zwolnienie przez pracodawc\u0119 na zaj\u0119cia praktyczne<\/p>\n","protected":false},"author":1,"featured_media":0,"parent":0,"menu_order":0,"comment_status":"closed","ping_status":"closed","template":"","meta":{"footnotes":""},"class_list":["post-138","page","type-page","status-publish","hentry"],"_links":{"self":[{"href":"https:\/\/csrgniezno.pl\/index.php?rest_route=\/wp\/v2\/pages\/138","targetHints":{"allow":["GET"]}}],"collection":[{"href":"https:\/\/csrgniezno.pl\/index.php?rest_route=\/wp\/v2\/pages"}],"about":[{"href":"https:\/\/csrgniezno.pl\/index.php?rest_route=\/wp\/v2\/types\/page"}],"author":[{"embeddable":true,"href":"https:\/\/csrgniezno.pl\/index.php?rest_route=\/wp\/v2\/users\/1"}],"replies":[{"embeddable":true,"href":"https:\/\/csrgniezno.pl\/index.php?rest_route=%2Fwp%2Fv2%2Fcomments&post=138"}],"version-history":[{"count":28,"href":"https:\/\/csrgniezno.pl\/index.php?rest_route=\/wp\/v2\/pages\/138\/revisions"}],"predecessor-version":[{"id":6751,"href":"https:\/\/csrgniezno.pl\/index.php?rest_route=\/wp\/v2\/pages\/138\/revisions\/6751"}],"wp:attachment":[{"href":"https:\/\/csrgniezno.pl\/index.php?rest_route=%2Fwp%2Fv2%2Fmedia&parent=138"}],"curies":[{"name":"wp","href":"https:\/\/api.w.org\/{rel}","templated":true}]}}