{"id":2336,"date":"2020-10-07T16:31:47","date_gmt":"2020-10-07T14:31:47","guid":{"rendered":"http:\/\/csrgniezno.pl\/?page_id=2336"},"modified":"2025-11-20T08:41:25","modified_gmt":"2025-11-20T07:41:25","slug":"pomoc-psychologiczno-pedagogiczna","status":"publish","type":"page","link":"https:\/\/csrgniezno.pl\/?page_id=2336","title":{"rendered":"Pomoc psychologiczno-pedagogiczna"},"content":{"rendered":"\n<p>Je\u017celi zmagasz si\u0119 z problemami, kt\u00f3re Ciebie przerastaj\u0105, nie Wiesz, gdzie szuka\u0107 pomocy, l\u0119ki parali\u017cuj\u0105 Twoje \u017cycie &#8230; <a href=\"http:\/\/csrgniezno.pl\/wp-content\/uploads\/2020\/10\/20201007152643.pdf\">tu znajdziesz pomoc<\/a><\/p>\n\n\n\n<p>Dy\u017cury Specjalist\u00f3w w roku szkolnym 2025\/2026<br><\/p>\n\n\n\n<figure class=\"wp-block-gallery has-nested-images columns-1 is-cropped wp-block-gallery-1 is-layout-flex wp-block-gallery-is-layout-flex\">\n<figure class=\"wp-block-image size-large\"><img decoding=\"async\" width=\"1024\" height=\"326\" data-id=\"6786\" data-src=\"https:\/\/csrgniezno.pl\/wp-content\/uploads\/2025\/10\/3-1-scaled-e1763624212412-1024x326.png\" alt=\"\" class=\"wp-image-6786 lazyload\" data-srcset=\"https:\/\/csrgniezno.pl\/wp-content\/uploads\/2025\/10\/3-1-scaled-e1763624212412-1024x326.png 1024w, https:\/\/csrgniezno.pl\/wp-content\/uploads\/2025\/10\/3-1-scaled-e1763624212412-300x96.png 300w, https:\/\/csrgniezno.pl\/wp-content\/uploads\/2025\/10\/3-1-scaled-e1763624212412-768x245.png 768w, https:\/\/csrgniezno.pl\/wp-content\/uploads\/2025\/10\/3-1-scaled-e1763624212412-1536x489.png 1536w, https:\/\/csrgniezno.pl\/wp-content\/uploads\/2025\/10\/3-1-scaled-e1763624212412-2048x652.png 2048w\" data-sizes=\"(max-width: 1024px) 100vw, 1024px\" src=\"data:image\/gif;base64,R0lGODlhAQABAAAAACH5BAEKAAEALAAAAAABAAEAAAICTAEAOw==\" style=\"--smush-placeholder-width: 1024px; --smush-placeholder-aspect-ratio: 1024\/326;\" \/><\/figure>\n\n\n\n<figure class=\"wp-block-image size-large\"><img decoding=\"async\" width=\"1024\" height=\"328\" data-id=\"6787\" data-src=\"https:\/\/csrgniezno.pl\/wp-content\/uploads\/2025\/10\/1-1-scaled-e1763624228369-1024x328.png\" alt=\"\" class=\"wp-image-6787 lazyload\" data-srcset=\"https:\/\/csrgniezno.pl\/wp-content\/uploads\/2025\/10\/1-1-scaled-e1763624228369-1024x328.png 1024w, https:\/\/csrgniezno.pl\/wp-content\/uploads\/2025\/10\/1-1-scaled-e1763624228369-300x96.png 300w, https:\/\/csrgniezno.pl\/wp-content\/uploads\/2025\/10\/1-1-scaled-e1763624228369-768x246.png 768w, https:\/\/csrgniezno.pl\/wp-content\/uploads\/2025\/10\/1-1-scaled-e1763624228369-1536x492.png 1536w, https:\/\/csrgniezno.pl\/wp-content\/uploads\/2025\/10\/1-1-scaled-e1763624228369-2048x656.png 2048w\" data-sizes=\"(max-width: 1024px) 100vw, 1024px\" src=\"data:image\/gif;base64,R0lGODlhAQABAAAAACH5BAEKAAEALAAAAAABAAEAAAICTAEAOw==\" style=\"--smush-placeholder-width: 1024px; --smush-placeholder-aspect-ratio: 1024\/328;\" \/><\/figure>\n<\/figure>\n","protected":false},"excerpt":{"rendered":"<p>Je\u017celi zmagasz si\u0119 z problemami, kt\u00f3re Ciebie przerastaj\u0105, nie Wiesz, gdzie szuka\u0107 pomocy, l\u0119ki parali\u017cuj\u0105 Twoje \u017cycie &#8230; tu znajdziesz pomoc Dy\u017cury Specjalist\u00f3w w roku szkolnym 2025\/2026<\/p>\n","protected":false},"author":2,"featured_media":0,"parent":0,"menu_order":0,"comment_status":"closed","ping_status":"closed","template":"","meta":{"footnotes":""},"class_list":["post-2336","page","type-page","status-publish","hentry"],"_links":{"self":[{"href":"https:\/\/csrgniezno.pl\/index.php?rest_route=\/wp\/v2\/pages\/2336","targetHints":{"allow":["GET"]}}],"collection":[{"href":"https:\/\/csrgniezno.pl\/index.php?rest_route=\/wp\/v2\/pages"}],"about":[{"href":"https:\/\/csrgniezno.pl\/index.php?rest_route=\/wp\/v2\/types\/page"}],"author":[{"embeddable":true,"href":"https:\/\/csrgniezno.pl\/index.php?rest_route=\/wp\/v2\/users\/2"}],"replies":[{"embeddable":true,"href":"https:\/\/csrgniezno.pl\/index.php?rest_route=%2Fwp%2Fv2%2Fcomments&post=2336"}],"version-history":[{"count":11,"href":"https:\/\/csrgniezno.pl\/index.php?rest_route=\/wp\/v2\/pages\/2336\/revisions"}],"predecessor-version":[{"id":6850,"href":"https:\/\/csrgniezno.pl\/index.php?rest_route=\/wp\/v2\/pages\/2336\/revisions\/6850"}],"wp:attachment":[{"href":"https:\/\/csrgniezno.pl\/index.php?rest_route=%2Fwp%2Fv2%2Fmedia&parent=2336"}],"curies":[{"name":"wp","href":"https:\/\/api.w.org\/{rel}","templated":true}]}}