{"id":2371,"date":"2020-12-11T14:21:30","date_gmt":"2020-12-11T13:21:30","guid":{"rendered":"http:\/\/csrgniezno.pl\/?page_id=2371"},"modified":"2025-12-22T08:59:25","modified_gmt":"2025-12-22T07:59:25","slug":"zaswiadczenie-o-ocenie-z-ksztalcenia-praktycznego","status":"publish","type":"page","link":"https:\/\/csrgniezno.pl\/?page_id=2371","title":{"rendered":"Za\u015bwiadczenie o ocenie z kszta\u0142cenia praktycznego"},"content":{"rendered":"\n<p class=\"has-text-align-center\"><a href=\"https:\/\/csrgniezno.pl\/wp-content\/uploads\/2025\/12\/zaswiadczenie-z-praktyk-o-ocenie-I-sem.-2025-2026.pdf\">Za\u015bwiadczenie do pobrania I p\u00f3\u0142rocze &#8211; druk<\/a><\/p>\n\n\n\n<p class=\"has-text-align-center\"><a href=\"https:\/\/csrgniezno.pl\/wp-content\/uploads\/2025\/12\/zaswiadczenie-o-ocenie-z-praktyk-2025-2026.pdf\">Za\u015bwiadczenie do pobrania ko\u0144coworoczne &#8211; druk<\/a><\/p>\n\n\n\n<p><\/p>\n","protected":false},"excerpt":{"rendered":"<p>Za\u015bwiadczenie do pobrania I p\u00f3\u0142rocze &#8211; druk Za\u015bwiadczenie do pobrania ko\u0144coworoczne &#8211; druk<\/p>\n","protected":false},"author":2,"featured_media":0,"parent":0,"menu_order":0,"comment_status":"closed","ping_status":"closed","template":"","meta":{"footnotes":""},"class_list":["post-2371","page","type-page","status-publish","hentry"],"_links":{"self":[{"href":"https:\/\/csrgniezno.pl\/index.php?rest_route=\/wp\/v2\/pages\/2371","targetHints":{"allow":["GET"]}}],"collection":[{"href":"https:\/\/csrgniezno.pl\/index.php?rest_route=\/wp\/v2\/pages"}],"about":[{"href":"https:\/\/csrgniezno.pl\/index.php?rest_route=\/wp\/v2\/types\/page"}],"author":[{"embeddable":true,"href":"https:\/\/csrgniezno.pl\/index.php?rest_route=\/wp\/v2\/users\/2"}],"replies":[{"embeddable":true,"href":"https:\/\/csrgniezno.pl\/index.php?rest_route=%2Fwp%2Fv2%2Fcomments&post=2371"}],"version-history":[{"count":11,"href":"https:\/\/csrgniezno.pl\/index.php?rest_route=\/wp\/v2\/pages\/2371\/revisions"}],"predecessor-version":[{"id":6914,"href":"https:\/\/csrgniezno.pl\/index.php?rest_route=\/wp\/v2\/pages\/2371\/revisions\/6914"}],"wp:attachment":[{"href":"https:\/\/csrgniezno.pl\/index.php?rest_route=%2Fwp%2Fv2%2Fmedia&parent=2371"}],"curies":[{"name":"wp","href":"https:\/\/api.w.org\/{rel}","templated":true}]}}