{"id":2480,"date":"2021-02-23T11:02:02","date_gmt":"2021-02-23T10:02:02","guid":{"rendered":"https:\/\/csrgniezno.pl\/?page_id=2480"},"modified":"2026-03-02T15:22:36","modified_gmt":"2026-03-02T14:22:36","slug":"rekrutacja-2021-2022","status":"publish","type":"page","link":"https:\/\/csrgniezno.pl\/?page_id=2480","title":{"rendered":"REKRUTACJA 2026\/2027"},"content":{"rendered":"\n<p><a href=\"https:\/\/csrgniezno.pl\/wp-content\/uploads\/2026\/03\/Regulamin-rekrutacji-2026-2027.pdf\" data-type=\"link\" data-id=\"https:\/\/csrgniezno.pl\/wp-content\/uploads\/2026\/03\/Regulamin-rekrutacji-2026-2027.pdf\">REGULAMIN REKRUTACJI 2026\/2027<\/a><\/p>\n\n\n\n<p><a href=\"https:\/\/csrgniezno.pl\/wp-content\/uploads\/2025\/02\/Podanie-do-CSR-Gniezno-3.pdf\">PODANIE DO CECHOWEJ SZKO\u0141Y RZEMIE\u015aLNICZEJ W GNIE\u0179NIE<\/a> (wersja do wydruku)<\/p>\n\n\n\n<p><\/p>\n\n\n\n<p><\/p>\n","protected":false},"excerpt":{"rendered":"<p>REGULAMIN REKRUTACJI 2026\/2027 PODANIE DO CECHOWEJ SZKO\u0141Y RZEMIE\u015aLNICZEJ W GNIE\u0179NIE (wersja do wydruku)<\/p>\n","protected":false},"author":2,"featured_media":0,"parent":0,"menu_order":0,"comment_status":"closed","ping_status":"closed","template":"","meta":{"footnotes":""},"class_list":["post-2480","page","type-page","status-publish","hentry"],"_links":{"self":[{"href":"https:\/\/csrgniezno.pl\/index.php?rest_route=\/wp\/v2\/pages\/2480","targetHints":{"allow":["GET"]}}],"collection":[{"href":"https:\/\/csrgniezno.pl\/index.php?rest_route=\/wp\/v2\/pages"}],"about":[{"href":"https:\/\/csrgniezno.pl\/index.php?rest_route=\/wp\/v2\/types\/page"}],"author":[{"embeddable":true,"href":"https:\/\/csrgniezno.pl\/index.php?rest_route=\/wp\/v2\/users\/2"}],"replies":[{"embeddable":true,"href":"https:\/\/csrgniezno.pl\/index.php?rest_route=%2Fwp%2Fv2%2Fcomments&post=2480"}],"version-history":[{"count":21,"href":"https:\/\/csrgniezno.pl\/index.php?rest_route=\/wp\/v2\/pages\/2480\/revisions"}],"predecessor-version":[{"id":6983,"href":"https:\/\/csrgniezno.pl\/index.php?rest_route=\/wp\/v2\/pages\/2480\/revisions\/6983"}],"wp:attachment":[{"href":"https:\/\/csrgniezno.pl\/index.php?rest_route=%2Fwp%2Fv2%2Fmedia&parent=2480"}],"curies":[{"name":"wp","href":"https:\/\/api.w.org\/{rel}","templated":true}]}}