{"id":3068,"date":"2021-11-05T15:53:22","date_gmt":"2021-11-05T14:53:22","guid":{"rendered":"https:\/\/csrgniezno.pl\/?page_id=3068"},"modified":"2025-08-21T14:45:56","modified_gmt":"2025-08-21T12:45:56","slug":"wykaz-podrecznikow-csr-2021-2022-2","status":"publish","type":"page","link":"https:\/\/csrgniezno.pl\/?page_id=3068","title":{"rendered":"WYKAZ PODR\u0118CZNIK\u00d3W CSR 2025\/2026"},"content":{"rendered":"\n<p>Informujemy, \u017ce uczniowie nie s\u0105 zobowi\u0105zani do zakupu podr\u0119cznik\u00f3w, bowiem takowe s\u0105 udost\u0119pniane przez szko\u0142\u0119 w trakcie trwania zaj\u0119\u0107 lekcyjnych. <\/p>\n\n\n\n<p>W przypadku os\u00f3b ch\u0119tnych &#8211; tj. chc\u0105cych zakupi\u0107 podr\u0119czniki na w\u0142asny u\u017cytek, wykaz niniejszych znajduje si\u0119 poni\u017cej \ud83d\udc47<\/p>\n\n\n\n<p><a href=\"https:\/\/csrgniezno.pl\/wp-content\/uploads\/2025\/08\/WYKAZ-PODRECZNIKOW-2025-2026.pdf\" data-type=\"link\" data-id=\"https:\/\/csrgniezno.pl\/wp-content\/uploads\/2025\/08\/WYKAZ-PODRECZNIKOW-2025-2026.pdf\">WYKAZ PODR\u0118CZNIK\u00d3W NA ROK SZKOLNY 2025\/2026<\/a><\/p>\n\n\n\n<p><\/p>\n","protected":false},"excerpt":{"rendered":"<p>Informujemy, \u017ce uczniowie nie s\u0105 zobowi\u0105zani do zakupu podr\u0119cznik\u00f3w, bowiem takowe s\u0105 udost\u0119pniane przez szko\u0142\u0119 w trakcie trwania zaj\u0119\u0107 lekcyjnych. W przypadku os\u00f3b ch\u0119tnych &#8211; tj. chc\u0105cych zakupi\u0107 podr\u0119czniki na w\u0142asny u\u017cytek, wykaz niniejszych znajduje si\u0119 poni\u017cej \ud83d\udc47 WYKAZ PODR\u0118CZNIK\u00d3W NA ROK SZKOLNY 2025\/2026<\/p>\n","protected":false},"author":2,"featured_media":0,"parent":0,"menu_order":0,"comment_status":"closed","ping_status":"closed","template":"","meta":{"footnotes":""},"class_list":["post-3068","page","type-page","status-publish","hentry"],"_links":{"self":[{"href":"https:\/\/csrgniezno.pl\/index.php?rest_route=\/wp\/v2\/pages\/3068","targetHints":{"allow":["GET"]}}],"collection":[{"href":"https:\/\/csrgniezno.pl\/index.php?rest_route=\/wp\/v2\/pages"}],"about":[{"href":"https:\/\/csrgniezno.pl\/index.php?rest_route=\/wp\/v2\/types\/page"}],"author":[{"embeddable":true,"href":"https:\/\/csrgniezno.pl\/index.php?rest_route=\/wp\/v2\/users\/2"}],"replies":[{"embeddable":true,"href":"https:\/\/csrgniezno.pl\/index.php?rest_route=%2Fwp%2Fv2%2Fcomments&post=3068"}],"version-history":[{"count":12,"href":"https:\/\/csrgniezno.pl\/index.php?rest_route=\/wp\/v2\/pages\/3068\/revisions"}],"predecessor-version":[{"id":6648,"href":"https:\/\/csrgniezno.pl\/index.php?rest_route=\/wp\/v2\/pages\/3068\/revisions\/6648"}],"wp:attachment":[{"href":"https:\/\/csrgniezno.pl\/index.php?rest_route=%2Fwp%2Fv2%2Fmedia&parent=3068"}],"curies":[{"name":"wp","href":"https:\/\/api.w.org\/{rel}","templated":true}]}}