{"id":3118,"date":"2021-11-15T16:40:35","date_gmt":"2021-11-15T15:40:35","guid":{"rendered":"https:\/\/csrgniezno.pl\/?page_id=3118"},"modified":"2023-06-16T13:48:11","modified_gmt":"2023-06-16T11:48:11","slug":"szkola-dla-prawdziwych-fachowcow-ksztalcenie-zawodowe-mlodziezy-regionu-gnieznienskiego-2","status":"publish","type":"page","link":"https:\/\/csrgniezno.pl\/?page_id=3118","title":{"rendered":"Szko\u0142a dla prawdziwych fachowc\u00f3w \u2013 kszta\u0142cenie zawodowe m\u0142odzie\u017cy regionu gnie\u017anie\u0144skiego"},"content":{"rendered":"\n<p><a href=\"https:\/\/csrgniezno.pl\/wp-content\/uploads\/2021\/02\/Projekt.jpg\" target=\"_blank\" rel=\"noreferrer noopener\">Informacje o projekcie<\/a><\/p>\n\n\n\n<p><a href=\"https:\/\/csrgniezno.pl\/wp-content\/uploads\/2022\/08\/terminy_zajec_projekt.pdf\" target=\"_blank\" rel=\"noreferrer noopener\">Terminy zaj\u0119\u0107 &#8211; szkolenie fryzjer\/ barber oraz wiza\u017c<\/a><\/p>\n\n\n\n<p><a rel=\"noreferrer noopener\" href=\"https:\/\/csrgniezno.pl\/?p=2858\" target=\"_blank\">Podsumowanie realizacji pierwszej cz\u0119\u015bci projektu<\/a><\/p>\n\n\n\n<p><a rel=\"noreferrer noopener\" href=\"https:\/\/csrgniezno.pl\/?p=3344\" target=\"_blank\">Szkolenie barman\/barista<\/a><\/p>\n\n\n\n<p><a rel=\"noreferrer noopener\" href=\"https:\/\/csrgniezno.pl\/?p=3397\" target=\"_blank\">Podsumowanie I tury szkolenia barman\/barista<\/a><\/p>\n\n\n\n<p><a rel=\"noreferrer noopener\" href=\"https:\/\/csrgniezno.pl\/?p=3645\" target=\"_blank\">Szkolenie &#8222;Instalacja system\u00f3w wentylacji mechanicznej w obiektach budowlanych&#8221;<\/a><\/p>\n\n\n\n<p><a rel=\"noreferrer noopener\" href=\"https:\/\/csrgniezno.pl\/wp-content\/uploads\/2022\/06\/Kursy-informacja-na-strone.png\" target=\"_blank\">Podsumowanie realizacji projektu w roku szkolnym 2021\/2022<\/a><\/p>\n\n\n\n<p><a rel=\"noreferrer noopener\" href=\"https:\/\/csrgniezno.pl\/wp-content\/uploads\/2022\/10\/terminy_zajec_projekt.pdf\" target=\"_blank\">Terminy zaj\u0119\u0107 &#8211; szkolenie z wiza\u017cu<\/a><\/p>\n\n\n\n<p><a href=\"https:\/\/csrgniezno.pl\/wp-content\/uploads\/2023\/06\/terminy_wizaz_II.pdf\" target=\"_blank\" rel=\"noreferrer noopener\">Terminy zaj\u0119\u0107 &#8211; szkolenie z wiza\u017cu (cz.2)<\/a><\/p>\n\n\n\n<p><a href=\"https:\/\/csrgniezno.pl\/wp-content\/uploads\/2022\/11\/terminy_zajec_projekt_modelowanie-sylwetki.pdf\">Terminy zaj\u0119\u0107 &#8211; modelowanie sylwetki<\/a><\/p>\n\n\n\n<p><a href=\"https:\/\/csrgniezno.pl\/wp-content\/uploads\/2023\/02\/terminy_zajec_projekt_modelowanie-sylwetki_luty.pdf\">Terminy zaj\u0119\u0107 &#8211; modelowanie sylwetki (cz.2)<\/a><\/p>\n\n\n\n<p><a rel=\"noreferrer noopener\" href=\"https:\/\/csrgniezno.pl\/wp-content\/uploads\/2023\/03\/terminy_zajec_modelowanie_sylwetki_2.pdf\" target=\"_blank\">Terminy zaj\u0119\u0107 &#8211; modelowanie sylwetki (nowa edycja)<\/a><\/p>\n\n\n\n<p><a href=\"https:\/\/csrgniezno.pl\/wp-content\/uploads\/2023\/04\/terminy_zajec_modelowanie_sylwetki_2_aktualizacja.pdf\" target=\"_blank\" rel=\"noreferrer noopener\">Terminy zaj\u0119\u0107 &#8211; modelowanie sylwetki (nowa edycja &#8211; cz.2)<\/a><\/p>\n\n\n\n<p><a href=\"https:\/\/csrgniezno.pl\/wp-content\/uploads\/2023\/05\/harmonogram-domy-szkieletowe.pdf\" target=\"_blank\" rel=\"noreferrer noopener\">Terminy zaj\u0119\u0107 &#8211; monta\u017c dom\u00f3w w systemie zabudowy szkieletowej oraz modu\u0142owej<\/a><\/p>\n","protected":false},"excerpt":{"rendered":"<p>Informacje o projekcie Terminy zaj\u0119\u0107 &#8211; szkolenie fryzjer\/ barber oraz wiza\u017c Podsumowanie realizacji pierwszej cz\u0119\u015bci projektu Szkolenie barman\/barista Podsumowanie I tury szkolenia barman\/barista Szkolenie &#8222;Instalacja system\u00f3w wentylacji mechanicznej w obiektach budowlanych&#8221; Podsumowanie realizacji projektu w roku szkolnym 2021\/2022 Terminy zaj\u0119\u0107 &#8211; szkolenie z wiza\u017cu Terminy zaj\u0119\u0107 &#8211; szkolenie z wiza\u017cu (cz.2) Terminy zaj\u0119\u0107 &#8211; modelowanie [&hellip;]<\/p>\n","protected":false},"author":2,"featured_media":0,"parent":0,"menu_order":0,"comment_status":"closed","ping_status":"closed","template":"","meta":{"footnotes":""},"class_list":["post-3118","page","type-page","status-publish","hentry"],"_links":{"self":[{"href":"https:\/\/csrgniezno.pl\/index.php?rest_route=\/wp\/v2\/pages\/3118","targetHints":{"allow":["GET"]}}],"collection":[{"href":"https:\/\/csrgniezno.pl\/index.php?rest_route=\/wp\/v2\/pages"}],"about":[{"href":"https:\/\/csrgniezno.pl\/index.php?rest_route=\/wp\/v2\/types\/page"}],"author":[{"embeddable":true,"href":"https:\/\/csrgniezno.pl\/index.php?rest_route=\/wp\/v2\/users\/2"}],"replies":[{"embeddable":true,"href":"https:\/\/csrgniezno.pl\/index.php?rest_route=%2Fwp%2Fv2%2Fcomments&post=3118"}],"version-history":[{"count":22,"href":"https:\/\/csrgniezno.pl\/index.php?rest_route=\/wp\/v2\/pages\/3118\/revisions"}],"predecessor-version":[{"id":4750,"href":"https:\/\/csrgniezno.pl\/index.php?rest_route=\/wp\/v2\/pages\/3118\/revisions\/4750"}],"wp:attachment":[{"href":"https:\/\/csrgniezno.pl\/index.php?rest_route=%2Fwp%2Fv2%2Fmedia&parent=3118"}],"curies":[{"name":"wp","href":"https:\/\/api.w.org\/{rel}","templated":true}]}}