{"id":3656,"date":"2022-06-02T10:28:17","date_gmt":"2022-06-02T08:28:17","guid":{"rendered":"https:\/\/csrgniezno.pl\/?page_id=3656"},"modified":"2026-02-19T09:31:25","modified_gmt":"2026-02-19T08:31:25","slug":"rekrutacja-szkola-branzowa-ii-stopnia","status":"publish","type":"page","link":"https:\/\/csrgniezno.pl\/?page_id=3656","title":{"rendered":"BRAN\u017bOWA SZKO\u0141A II STOPNIA"},"content":{"rendered":"\n<figure class=\"wp-block-gallery aligncenter has-nested-images columns-default is-cropped wp-block-gallery-1 is-layout-flex wp-block-gallery-is-layout-flex\"><\/figure>\n\n\n\n<p><a href=\"https:\/\/csrgniezno.pl\/wp-content\/uploads\/2026\/02\/bs2-plan-s1-2-1202.pdf\" data-type=\"URL\" target=\"_blank\" rel=\"noreferrer noopener\">Plan zaj\u0119\u0107 dla semestru pierwszego i drugiego 2025\/2026 (aktualizacja 12.02.2026)<\/a><\/p>\n\n\n\n<p><a href=\"https:\/\/csrgniezno.pl\/wp-content\/uploads\/2026\/01\/bs2-plan-s1-2-1901.pdf\" data-type=\"URL\" target=\"_blank\" rel=\"noreferrer noopener\">Plan zaj\u0119\u0107 dla semestru pierwszego i drugiego 2025\/2026 (wersja archiwalna)<\/a><\/p>\n\n\n\n<p><a href=\"https:\/\/csrgniezno.pl\/wp-content\/uploads\/2026\/01\/bs2-harmonogram-s1-2-1901.pdf\" data-type=\"URL\" target=\"_blank\" rel=\"noreferrer noopener\">Harmonogram zjazd\u00f3w w roku szkolnym 2025\/2026 dla semestru pierwszego i drugiego<\/a><\/p>\n\n\n\n<p><a href=\"https:\/\/csrgniezno.pl\/wp-content\/uploads\/2025\/06\/cbs2s-regulamin-rekrutacji2025.pdf\" target=\"_blank\" rel=\"noreferrer noopener\">Regulamin rekrutacji<\/a><\/p>\n\n\n\n<p><a rel=\"noreferrer noopener\" href=\"https:\/\/csrgniezno.pl\/wp-content\/uploads\/2022\/06\/podanie-BSII.pdf\" target=\"_blank\">Podanie do szko\u0142y<\/a><\/p>\n\n\n\n<p><a href=\"https:\/\/csrgniezno.pl\/wp-content\/uploads\/2023\/01\/Statut-CBS-II_02.01.2023_zm_kontrola-KO.pdf\" target=\"_blank\" rel=\"noreferrer noopener\">Statut Cechowej Bran\u017cowej Szko\u0142y II stopnia<\/a><\/p>\n\n\n\n<p><\/p>\n","protected":false},"excerpt":{"rendered":"<p>Plan zaj\u0119\u0107 dla semestru pierwszego i drugiego 2025\/2026 (aktualizacja 12.02.2026) Plan zaj\u0119\u0107 dla semestru pierwszego i drugiego 2025\/2026 (wersja archiwalna) Harmonogram zjazd\u00f3w w roku szkolnym 2025\/2026 dla semestru pierwszego i drugiego Regulamin rekrutacji Podanie do szko\u0142y Statut Cechowej Bran\u017cowej Szko\u0142y II stopnia<\/p>\n","protected":false},"author":2,"featured_media":0,"parent":0,"menu_order":0,"comment_status":"closed","ping_status":"closed","template":"","meta":{"footnotes":""},"class_list":["post-3656","page","type-page","status-publish","hentry"],"_links":{"self":[{"href":"https:\/\/csrgniezno.pl\/index.php?rest_route=\/wp\/v2\/pages\/3656","targetHints":{"allow":["GET"]}}],"collection":[{"href":"https:\/\/csrgniezno.pl\/index.php?rest_route=\/wp\/v2\/pages"}],"about":[{"href":"https:\/\/csrgniezno.pl\/index.php?rest_route=\/wp\/v2\/types\/page"}],"author":[{"embeddable":true,"href":"https:\/\/csrgniezno.pl\/index.php?rest_route=\/wp\/v2\/users\/2"}],"replies":[{"embeddable":true,"href":"https:\/\/csrgniezno.pl\/index.php?rest_route=%2Fwp%2Fv2%2Fcomments&post=3656"}],"version-history":[{"count":119,"href":"https:\/\/csrgniezno.pl\/index.php?rest_route=\/wp\/v2\/pages\/3656\/revisions"}],"predecessor-version":[{"id":6975,"href":"https:\/\/csrgniezno.pl\/index.php?rest_route=\/wp\/v2\/pages\/3656\/revisions\/6975"}],"wp:attachment":[{"href":"https:\/\/csrgniezno.pl\/index.php?rest_route=%2Fwp%2Fv2%2Fmedia&parent=3656"}],"curies":[{"name":"wp","href":"https:\/\/api.w.org\/{rel}","templated":true}]}}