{"id":44,"date":"2017-02-22T15:10:08","date_gmt":"2017-02-22T15:10:08","guid":{"rendered":"http:\/\/csrgniezno.pl\/?page_id=44"},"modified":"2021-04-22T11:16:51","modified_gmt":"2021-04-22T09:16:51","slug":"testowa-trzecia","status":"publish","type":"page","link":"https:\/\/csrgniezno.pl\/?page_id=44","title":{"rendered":"Jak zosta\u0107 uczniem CSR Gniezno?"},"content":{"rendered":"<p><!--more--><\/p>\n<p style=\"text-align: justify;\">Osoba zamierzaj\u0105ca podj\u0105\u0107 nauk\u0119 zawodu w Cechowej Szkole Rzemie\u015blniczej musi spe\u0142nia\u0107 nast\u0119puj\u0105ce warunki:<\/p>\n<ul style=\"text-align: justify;\">\n<li>by\u0107 absolwentem szko\u0142y podstawowej;<\/li>\n<li>posiada\u0107 odpowiednie warunki fizyczne i stan zdrowia, kt\u00f3ry umo\u017cliwia podj\u0119cie nauki w danym zawodzie, co zostaje po\u015bwiadczone przez lekarza medycyny pracy.<\/li>\n<\/ul>\n<p style=\"text-align: justify;\"><strong>Wymagane dokumenty:<\/strong><\/p>\n<ul style=\"text-align: justify;\">\n<li>podanie o przyj\u0119cie do szko\u0142y;<\/li>\n<li>potwierdzenie od pracodawcy o mo\u017cliwo\u015bci podj\u0119cia praktycznej nauki zawodu;<\/li>\n<li>orygina\u0142 \u015bwiadectwa uko\u0144czenia szko\u0142y podstawowej;<\/li>\n<li>orygina\u0142 za\u015bwiadczenia o wynikach egzaminu \u00f3smoklasisty;<\/li>\n<li>za\u015bwiadczenie lekarskie uprawnionego lekarza medycyny pracy, wydane na podstawie skierowania od pracodawcy;<\/li>\n<li>3 zdj\u0119cia;<\/li>\n<li>karta zdrowia z poprzedniej szko\u0142y (opcjonalnie).<\/li>\n<\/ul>\n<p style=\"text-align: justify;\"><strong>Umowa o prac\u0119:<\/strong><br \/>\nSpisanie umowy jest formalnym wymogiem, kt\u00f3ry musi zosta\u0107 spe\u0142niony przed rozpocz\u0119ciem nauki w Cechowej Szkole Rzemie\u015blniczej w Gnie\u017anie. Organizacja rzemie\u015blnicza prowadzi nadz\u00f3r nad przygotowaniem zawodowym m\u0142odocianych pracownik\u00f3w, kt\u00f3rzy zostaj\u0105 wpisani do rejestru prowadzonego od momentu powstania Izby Rzemie\u015blniczej.<br \/>\nUmowy o prac\u0119 w celu przygotowania zawodowego, s\u0105 spisywane w Biurze Cechu Rzemios\u0142a i Ma\u0142ej Przedsi\u0119biorczo\u015bci w Gnie\u017anie &#8211; ul. Tumska 15 (biuro jest czynne od poniedzia\u0142ku do pi\u0105tku, w godzinach 7.00 &#8211; 14.00).<\/p>\n<p style=\"text-align: justify;\"><strong>Wymagane dokumenty:<\/strong><\/p>\n<ul style=\"text-align: justify;\">\n<li>kwestionariusz osobowy (najwa\u017cniejsze: data i miejsce urodzenia ucznia, PESEL ucznia, dok\u0142adny adres zamieszkania, imiona rodzic\u00f3w);<\/li>\n<li>\u015bwiadectwo szkolne uko\u0144czenia szko\u0142y podstawowej;<\/li>\n<li>za\u015bwiadczenie ze szko\u0142y bran\u017cowej I stopnia, \u017ce ucze\u0144 zosta\u0142 przyj\u0119ty do wybranej szko\u0142y;<\/li>\n<li>za\u015bwiadczenie od uprawnionego lekarza o zdolno\u015bci do wykonywania okre\u015blonej pracy w wybranym zawodzie (bez za\u015bwiadczenia o zdolno\u015bci do pracy w danym zawodzie, <strong>nie b\u0119dzie mo\u017cna spisa\u0107 umowy<\/strong>);<\/li>\n<li><strong>ucze\u0144 powinien przyby\u0107 do Biura Cechu wraz z rodzicem<\/strong>, kt\u00f3ry jest zobowi\u0105zany przedstawi\u0107 dow\u00f3d to\u017csamo\u015bci.<\/li>\n<\/ul>\n<p style=\"text-align: justify;\">\n","protected":false},"excerpt":{"rendered":"","protected":false},"author":1,"featured_media":2559,"parent":0,"menu_order":0,"comment_status":"closed","ping_status":"closed","template":"","meta":{"footnotes":""},"class_list":["post-44","page","type-page","status-publish","has-post-thumbnail","hentry"],"_links":{"self":[{"href":"https:\/\/csrgniezno.pl\/index.php?rest_route=\/wp\/v2\/pages\/44","targetHints":{"allow":["GET"]}}],"collection":[{"href":"https:\/\/csrgniezno.pl\/index.php?rest_route=\/wp\/v2\/pages"}],"about":[{"href":"https:\/\/csrgniezno.pl\/index.php?rest_route=\/wp\/v2\/types\/page"}],"author":[{"embeddable":true,"href":"https:\/\/csrgniezno.pl\/index.php?rest_route=\/wp\/v2\/users\/1"}],"replies":[{"embeddable":true,"href":"https:\/\/csrgniezno.pl\/index.php?rest_route=%2Fwp%2Fv2%2Fcomments&post=44"}],"version-history":[{"count":21,"href":"https:\/\/csrgniezno.pl\/index.php?rest_route=\/wp\/v2\/pages\/44\/revisions"}],"predecessor-version":[{"id":2563,"href":"https:\/\/csrgniezno.pl\/index.php?rest_route=\/wp\/v2\/pages\/44\/revisions\/2563"}],"wp:featuredmedia":[{"embeddable":true,"href":"https:\/\/csrgniezno.pl\/index.php?rest_route=\/wp\/v2\/media\/2559"}],"wp:attachment":[{"href":"https:\/\/csrgniezno.pl\/index.php?rest_route=%2Fwp%2Fv2%2Fmedia&parent=44"}],"curies":[{"name":"wp","href":"https:\/\/api.w.org\/{rel}","templated":true}]}}